{"id":319,"date":"2020-02-18T10:14:06","date_gmt":"2020-02-18T10:14:06","guid":{"rendered":"http:\/\/bizix.premiumthemes.in\/?page_id=319"},"modified":"2026-02-01T19:57:32","modified_gmt":"2026-02-01T18:57:32","slug":"services","status":"publish","type":"page","link":"https:\/\/xrumbauten.ch\/?page_id=319","title":{"rendered":"Dienstleistung"},"content":{"rendered":"\t\t<div data-elementor-type=\"wp-page\" data-elementor-id=\"319\" class=\"elementor elementor-319\" data-elementor-post-type=\"page\">\n\t\t\t\t\t\t<section class=\"elementor-section elementor-top-section elementor-element elementor-element-a45b8f3 elementor-section-stretched elementor-section-boxed elementor-section-height-default elementor-section-height-default\" data-id=\"a45b8f3\" data-element_type=\"section\" data-e-type=\"section\" data-settings=\"{&quot;stretch_section&quot;:&quot;section-stretched&quot;}\">\n\t\t\t\t\t\t<div class=\"elementor-container elementor-column-gap-no\">\n\t\t\t\t\t<div class=\"elementor-column elementor-col-100 elementor-top-column elementor-element elementor-element-97dcc6d\" data-id=\"97dcc6d\" data-element_type=\"column\" data-e-type=\"column\">\n\t\t\t<div class=\"elementor-widget-wrap elementor-element-populated\">\n\t\t\t\t\t\t<div class=\"elementor-element elementor-element-6c35efe4 elementor-grid-3 elementor-grid-tablet-2 elementor-grid-mobile-1 elementor-widget elementor-widget-gyan_services_full_text\" data-id=\"6c35efe4\" data-element_type=\"widget\" data-e-type=\"widget\" data-settings=\"{&quot;columns&quot;:&quot;3&quot;,&quot;columns_tablet&quot;:&quot;2&quot;,&quot;columns_mobile&quot;:&quot;1&quot;}\" data-widget_type=\"gyan_services_full_text.default\">\n\t\t\t\t<div class=\"elementor-widget-container\">\n\t\t\t\t\t\n\t\t<div class=\"gyan-services-full-container gyan-services-full-container-6c35efe4\" data-layout=\"grid\" data-rtl=\"false\">\n\n\t\t\t<div class=\"gyan-services-full-items gyan-elementor-grid\">\n\n\t\t\t\t\n\t\t\t\t\t<div class=\"gyan-service-full-item gyan-grid-item-wrap\">\n\t\t\t\t\t\t<div class=\"gyan-services-full gyan-grid-item gyan-ease-transition\">\n\t\t\t\t\t\t\t<div class=\"gyan-services-full-img\"><a ><img fetchpriority=\"high\" decoding=\"async\" width=\"2560\" height=\"1976\" src=\"https:\/\/xrumbauten.ch\/wp-content\/uploads\/2025\/03\/umbauten12_Zeichenflaeche-1_Zeichenflaeche-1_Zeichenflaeche-1-scaled.jpg\" class=\"attachment-full size-full\" alt=\"\" srcset=\"https:\/\/xrumbauten.ch\/wp-content\/uploads\/2025\/03\/umbauten12_Zeichenflaeche-1_Zeichenflaeche-1_Zeichenflaeche-1-scaled.jpg 2560w, https:\/\/xrumbauten.ch\/wp-content\/uploads\/2025\/03\/umbauten12_Zeichenflaeche-1_Zeichenflaeche-1_Zeichenflaeche-1-300x232.jpg 300w, https:\/\/xrumbauten.ch\/wp-content\/uploads\/2025\/03\/umbauten12_Zeichenflaeche-1_Zeichenflaeche-1_Zeichenflaeche-1-1024x790.jpg 1024w, https:\/\/xrumbauten.ch\/wp-content\/uploads\/2025\/03\/umbauten12_Zeichenflaeche-1_Zeichenflaeche-1_Zeichenflaeche-1-768x593.jpg 768w, https:\/\/xrumbauten.ch\/wp-content\/uploads\/2025\/03\/umbauten12_Zeichenflaeche-1_Zeichenflaeche-1_Zeichenflaeche-1-1536x1186.jpg 1536w, https:\/\/xrumbauten.ch\/wp-content\/uploads\/2025\/03\/umbauten12_Zeichenflaeche-1_Zeichenflaeche-1_Zeichenflaeche-1-2048x1581.jpg 2048w\" sizes=\"(max-width: 2560px) 100vw, 2560px\" \/><\/a><\/div><div class=\"gyan-services-full-content\"><div class=\"gyan-services-full-icon-wrap\"><div class=\"gyan-services-full-icon gyan-icon\"><img decoding=\"async\" width=\"512\" height=\"512\" src=\"https:\/\/xrumbauten.ch\/wp-content\/uploads\/2025\/03\/renovation.png\" class=\"attachment-full size-full\" alt=\"\" srcset=\"https:\/\/xrumbauten.ch\/wp-content\/uploads\/2025\/03\/renovation.png 512w, https:\/\/xrumbauten.ch\/wp-content\/uploads\/2025\/03\/renovation-300x300.png 300w, https:\/\/xrumbauten.ch\/wp-content\/uploads\/2025\/03\/renovation-150x150.png 150w, https:\/\/xrumbauten.ch\/wp-content\/uploads\/2025\/03\/renovation-90x90.png 90w\" sizes=\"(max-width: 512px) 100vw, 512px\" \/><\/div><\/div><div class=\"gyan-services-full-title-desc\"><h6 class=\"gyan-services-full-title\"><span >Umbauten<\/span><\/h6><div class=\"gyan-services-full-desc\">Umbauten bieten die Chance, Neues zu schaffen und Altes zu verbessern. Sie bringen frischen Wind, schaffen mehr Funktionalit\u00e4t und erm\u00f6glichen es, R\u00e4ume oder Strukturen an moderne Bed\u00fcrfnisse anzupassen. <\/div><\/div><\/div>\t\t\t\t\t\t<\/div>\n\t\t\t\t\t\t<div class=\"clear\"><\/div>\n\t\t\t\t\t<\/div>\n\n\t\t\t\t \n\t\t\t\t\t<div class=\"gyan-service-full-item gyan-grid-item-wrap\">\n\t\t\t\t\t\t<div class=\"gyan-services-full gyan-grid-item gyan-ease-transition\">\n\t\t\t\t\t\t\t<div class=\"gyan-services-full-img\"><a ><img decoding=\"async\" width=\"2560\" height=\"1976\" src=\"https:\/\/xrumbauten.ch\/wp-content\/uploads\/2025\/03\/sanitararbeiten1_Zeichenflaeche-1-scaled.jpg\" class=\"attachment-full size-full\" alt=\"\" srcset=\"https:\/\/xrumbauten.ch\/wp-content\/uploads\/2025\/03\/sanitararbeiten1_Zeichenflaeche-1-scaled.jpg 2560w, https:\/\/xrumbauten.ch\/wp-content\/uploads\/2025\/03\/sanitararbeiten1_Zeichenflaeche-1-300x232.jpg 300w, https:\/\/xrumbauten.ch\/wp-content\/uploads\/2025\/03\/sanitararbeiten1_Zeichenflaeche-1-1024x790.jpg 1024w, https:\/\/xrumbauten.ch\/wp-content\/uploads\/2025\/03\/sanitararbeiten1_Zeichenflaeche-1-768x593.jpg 768w, https:\/\/xrumbauten.ch\/wp-content\/uploads\/2025\/03\/sanitararbeiten1_Zeichenflaeche-1-1536x1186.jpg 1536w, https:\/\/xrumbauten.ch\/wp-content\/uploads\/2025\/03\/sanitararbeiten1_Zeichenflaeche-1-2048x1581.jpg 2048w\" sizes=\"(max-width: 2560px) 100vw, 2560px\" \/><\/a><\/div><div class=\"gyan-services-full-content\"><div class=\"gyan-services-full-icon-wrap\"><div class=\"gyan-services-full-icon gyan-icon\"><img loading=\"lazy\" decoding=\"async\" width=\"512\" height=\"512\" src=\"https:\/\/xrumbauten.ch\/wp-content\/uploads\/2025\/03\/sanitar-1.png\" class=\"attachment-full size-full\" alt=\"\" srcset=\"https:\/\/xrumbauten.ch\/wp-content\/uploads\/2025\/03\/sanitar-1.png 512w, https:\/\/xrumbauten.ch\/wp-content\/uploads\/2025\/03\/sanitar-1-300x300.png 300w, https:\/\/xrumbauten.ch\/wp-content\/uploads\/2025\/03\/sanitar-1-150x150.png 150w, https:\/\/xrumbauten.ch\/wp-content\/uploads\/2025\/03\/sanitar-1-90x90.png 90w\" sizes=\"(max-width: 512px) 100vw, 512px\" \/><\/div><\/div><div class=\"gyan-services-full-title-desc\"><h6 class=\"gyan-services-full-title\"><span >Sanit\u00e4rarbeiten<\/span><\/h6><div class=\"gyan-services-full-desc\">Sanit\u00e4rarbeiten sind der Schl\u00fcssel zu einem funktionalen und komfortablen Zuhause oder Arbeitsplatz. Sie sorgen f\u00fcr eine zuverl\u00e4ssige Wasserversorgung, effiziente Abwasserentsorgung und tragen entscheidend zur Lebensqualit\u00e4t .<\/div><\/div><\/div>\t\t\t\t\t\t<\/div>\n\t\t\t\t\t\t<div class=\"clear\"><\/div>\n\t\t\t\t\t<\/div>\n\n\t\t\t\t \n\t\t\t\t\t<div class=\"gyan-service-full-item gyan-grid-item-wrap\">\n\t\t\t\t\t\t<div class=\"gyan-services-full gyan-grid-item gyan-ease-transition\">\n\t\t\t\t\t\t\t<div class=\"gyan-services-full-img\"><a ><img loading=\"lazy\" decoding=\"async\" width=\"2560\" height=\"1976\" src=\"https:\/\/xrumbauten.ch\/wp-content\/uploads\/2025\/03\/heizungsarbeiten1_Zeichenflaeche-1-scaled.jpg\" class=\"attachment-full size-full\" alt=\"\" srcset=\"https:\/\/xrumbauten.ch\/wp-content\/uploads\/2025\/03\/heizungsarbeiten1_Zeichenflaeche-1-scaled.jpg 2560w, https:\/\/xrumbauten.ch\/wp-content\/uploads\/2025\/03\/heizungsarbeiten1_Zeichenflaeche-1-300x232.jpg 300w, https:\/\/xrumbauten.ch\/wp-content\/uploads\/2025\/03\/heizungsarbeiten1_Zeichenflaeche-1-1024x790.jpg 1024w, https:\/\/xrumbauten.ch\/wp-content\/uploads\/2025\/03\/heizungsarbeiten1_Zeichenflaeche-1-768x593.jpg 768w, https:\/\/xrumbauten.ch\/wp-content\/uploads\/2025\/03\/heizungsarbeiten1_Zeichenflaeche-1-1536x1186.jpg 1536w, https:\/\/xrumbauten.ch\/wp-content\/uploads\/2025\/03\/heizungsarbeiten1_Zeichenflaeche-1-2048x1581.jpg 2048w\" sizes=\"(max-width: 2560px) 100vw, 2560px\" \/><\/a><\/div><div class=\"gyan-services-full-content\"><div class=\"gyan-services-full-icon-wrap\"><div class=\"gyan-services-full-icon gyan-icon\"><img loading=\"lazy\" decoding=\"async\" width=\"512\" height=\"512\" src=\"https:\/\/xrumbauten.ch\/wp-content\/uploads\/2025\/03\/heizung.png\" class=\"attachment-full size-full\" alt=\"\" srcset=\"https:\/\/xrumbauten.ch\/wp-content\/uploads\/2025\/03\/heizung.png 512w, https:\/\/xrumbauten.ch\/wp-content\/uploads\/2025\/03\/heizung-300x300.png 300w, https:\/\/xrumbauten.ch\/wp-content\/uploads\/2025\/03\/heizung-150x150.png 150w, https:\/\/xrumbauten.ch\/wp-content\/uploads\/2025\/03\/heizung-90x90.png 90w\" sizes=\"(max-width: 512px) 100vw, 512px\" \/><\/div><\/div><div class=\"gyan-services-full-title-desc\"><h6 class=\"gyan-services-full-title\"><span >Heizungsarbeiten<\/span><\/h6><div class=\"gyan-services-full-desc\">Heizungsarbeiten sind essenziell f\u00fcr ein angenehmes und warmes Zuhause, besonders in den kalten Monaten. Eine gut funktionierende Heizung sorgt f\u00fcr Wohlbefinden und Energieeffizienz.<\/div><\/div><\/div>\t\t\t\t\t\t<\/div>\n\t\t\t\t\t\t<div class=\"clear\"><\/div>\n\t\t\t\t\t<\/div>\n\n\t\t\t\t \n\t\t\t\t\t<div class=\"gyan-service-full-item gyan-grid-item-wrap\">\n\t\t\t\t\t\t<div class=\"gyan-services-full gyan-grid-item gyan-ease-transition\">\n\t\t\t\t\t\t\t<div class=\"gyan-services-full-img\"><a ><img loading=\"lazy\" decoding=\"async\" width=\"1599\" height=\"1200\" src=\"https:\/\/xrumbauten.ch\/wp-content\/uploads\/2026\/01\/Place-De-La-Gare-8-4.jpeg\" class=\"attachment-full size-full\" alt=\"\" srcset=\"https:\/\/xrumbauten.ch\/wp-content\/uploads\/2026\/01\/Place-De-La-Gare-8-4.jpeg 1599w, https:\/\/xrumbauten.ch\/wp-content\/uploads\/2026\/01\/Place-De-La-Gare-8-4-300x225.jpeg 300w, https:\/\/xrumbauten.ch\/wp-content\/uploads\/2026\/01\/Place-De-La-Gare-8-4-1024x768.jpeg 1024w, https:\/\/xrumbauten.ch\/wp-content\/uploads\/2026\/01\/Place-De-La-Gare-8-4-768x576.jpeg 768w, https:\/\/xrumbauten.ch\/wp-content\/uploads\/2026\/01\/Place-De-La-Gare-8-4-1536x1153.jpeg 1536w\" sizes=\"(max-width: 1599px) 100vw, 1599px\" \/><\/a><\/div><div class=\"gyan-services-full-content\"><div class=\"gyan-services-full-icon-wrap\"><div class=\"gyan-services-full-icon gyan-icon\"><img loading=\"lazy\" decoding=\"async\" width=\"512\" height=\"512\" src=\"https:\/\/xrumbauten.ch\/wp-content\/uploads\/2026\/01\/5267834.png\" class=\"attachment-full size-full\" alt=\"\" srcset=\"https:\/\/xrumbauten.ch\/wp-content\/uploads\/2026\/01\/5267834.png 512w, https:\/\/xrumbauten.ch\/wp-content\/uploads\/2026\/01\/5267834-300x300.png 300w, https:\/\/xrumbauten.ch\/wp-content\/uploads\/2026\/01\/5267834-150x150.png 150w, https:\/\/xrumbauten.ch\/wp-content\/uploads\/2026\/01\/5267834-90x90.png 90w\" sizes=\"(max-width: 512px) 100vw, 512px\" \/><\/div><\/div><div class=\"gyan-services-full-title-desc\"><h6 class=\"gyan-services-full-title\"><span >Installationen<\/span><\/h6><div class=\"gyan-services-full-desc\">Saubere Installationsarbeiten mit Know-how und Erfahrung. Wir sorgen f\u00fcr sichere und langlebige L\u00f6sungen.<\/div><\/div><\/div>\t\t\t\t\t\t<\/div>\n\t\t\t\t\t\t<div class=\"clear\"><\/div>\n\t\t\t\t\t<\/div>\n\n\t\t\t\t \n\t\t\t\t\t<div class=\"gyan-service-full-item gyan-grid-item-wrap\">\n\t\t\t\t\t\t<div class=\"gyan-services-full gyan-grid-item gyan-ease-transition\">\n\t\t\t\t\t\t\t<div class=\"gyan-services-full-img\"><a ><img loading=\"lazy\" decoding=\"async\" width=\"2560\" height=\"1976\" src=\"https:\/\/xrumbauten.ch\/wp-content\/uploads\/2025\/03\/plattenleger1_Zeichenflaeche-1-scaled.jpeg\" class=\"attachment-full size-full\" alt=\"\" srcset=\"https:\/\/xrumbauten.ch\/wp-content\/uploads\/2025\/03\/plattenleger1_Zeichenflaeche-1-scaled.jpeg 2560w, https:\/\/xrumbauten.ch\/wp-content\/uploads\/2025\/03\/plattenleger1_Zeichenflaeche-1-300x232.jpeg 300w, https:\/\/xrumbauten.ch\/wp-content\/uploads\/2025\/03\/plattenleger1_Zeichenflaeche-1-1024x790.jpeg 1024w, https:\/\/xrumbauten.ch\/wp-content\/uploads\/2025\/03\/plattenleger1_Zeichenflaeche-1-768x593.jpeg 768w, https:\/\/xrumbauten.ch\/wp-content\/uploads\/2025\/03\/plattenleger1_Zeichenflaeche-1-1536x1186.jpeg 1536w, https:\/\/xrumbauten.ch\/wp-content\/uploads\/2025\/03\/plattenleger1_Zeichenflaeche-1-2048x1581.jpeg 2048w\" sizes=\"(max-width: 2560px) 100vw, 2560px\" \/><\/a><\/div><div class=\"gyan-services-full-content\"><div class=\"gyan-services-full-icon-wrap\"><div class=\"gyan-services-full-icon gyan-icon\"><img loading=\"lazy\" decoding=\"async\" width=\"512\" height=\"512\" src=\"https:\/\/xrumbauten.ch\/wp-content\/uploads\/2025\/03\/fussboden.png\" class=\"attachment-full size-full\" alt=\"\" srcset=\"https:\/\/xrumbauten.ch\/wp-content\/uploads\/2025\/03\/fussboden.png 512w, https:\/\/xrumbauten.ch\/wp-content\/uploads\/2025\/03\/fussboden-300x300.png 300w, https:\/\/xrumbauten.ch\/wp-content\/uploads\/2025\/03\/fussboden-150x150.png 150w, https:\/\/xrumbauten.ch\/wp-content\/uploads\/2025\/03\/fussboden-90x90.png 90w\" sizes=\"(max-width: 512px) 100vw, 512px\" \/><\/div><\/div><div class=\"gyan-services-full-title-desc\"><h6 class=\"gyan-services-full-title\"><span >Plattenlegearbeiten<\/span><\/h6><div class=\"gyan-services-full-desc\">Ob Fliesen, Naturstein oder Mosaik \u2013 der pr\u00e4zise Einsatz von Platten sorgt f\u00fcr eine hochwertige Optik und eine lange Haltbarkeit.<\/div><\/div><\/div>\t\t\t\t\t\t<\/div>\n\t\t\t\t\t\t<div class=\"clear\"><\/div>\n\t\t\t\t\t<\/div>\n\n\t\t\t\t \n\t\t\t\t\t<div class=\"gyan-service-full-item gyan-grid-item-wrap\">\n\t\t\t\t\t\t<div class=\"gyan-services-full gyan-grid-item gyan-ease-transition\">\n\t\t\t\t\t\t\t<div class=\"gyan-services-full-img\"><a ><img loading=\"lazy\" decoding=\"async\" width=\"2560\" height=\"1976\" src=\"https:\/\/xrumbauten.ch\/wp-content\/uploads\/2025\/03\/gipsarbeiten_Zeichenflaeche-1-scaled.jpeg\" class=\"attachment-full size-full\" alt=\"\" srcset=\"https:\/\/xrumbauten.ch\/wp-content\/uploads\/2025\/03\/gipsarbeiten_Zeichenflaeche-1-scaled.jpeg 2560w, https:\/\/xrumbauten.ch\/wp-content\/uploads\/2025\/03\/gipsarbeiten_Zeichenflaeche-1-300x232.jpeg 300w, https:\/\/xrumbauten.ch\/wp-content\/uploads\/2025\/03\/gipsarbeiten_Zeichenflaeche-1-1024x790.jpeg 1024w, https:\/\/xrumbauten.ch\/wp-content\/uploads\/2025\/03\/gipsarbeiten_Zeichenflaeche-1-768x593.jpeg 768w, https:\/\/xrumbauten.ch\/wp-content\/uploads\/2025\/03\/gipsarbeiten_Zeichenflaeche-1-1536x1186.jpeg 1536w, https:\/\/xrumbauten.ch\/wp-content\/uploads\/2025\/03\/gipsarbeiten_Zeichenflaeche-1-2048x1581.jpeg 2048w\" sizes=\"(max-width: 2560px) 100vw, 2560px\" \/><\/a><\/div><div class=\"gyan-services-full-content\"><div class=\"gyan-services-full-icon-wrap\"><div class=\"gyan-services-full-icon gyan-icon\"><img loading=\"lazy\" decoding=\"async\" width=\"512\" height=\"512\" src=\"https:\/\/xrumbauten.ch\/wp-content\/uploads\/2025\/03\/spachtel.png\" class=\"attachment-full size-full\" alt=\"\" srcset=\"https:\/\/xrumbauten.ch\/wp-content\/uploads\/2025\/03\/spachtel.png 512w, https:\/\/xrumbauten.ch\/wp-content\/uploads\/2025\/03\/spachtel-300x300.png 300w, https:\/\/xrumbauten.ch\/wp-content\/uploads\/2025\/03\/spachtel-150x150.png 150w, https:\/\/xrumbauten.ch\/wp-content\/uploads\/2025\/03\/spachtel-90x90.png 90w\" sizes=\"(max-width: 512px) 100vw, 512px\" \/><\/div><\/div><div class=\"gyan-services-full-title-desc\"><h6 class=\"gyan-services-full-title\"><span >Gipsarbeiten<\/span><\/h6><div class=\"gyan-services-full-desc\">Decken, W\u00e4nde oder Verkleidungen \u2013 Gips ist vielseitig, leicht zu bearbeiten und sorgt f\u00fcr ein modernes, elegantes Finish.<\/div><\/div><\/div>\t\t\t\t\t\t<\/div>\n\t\t\t\t\t\t<div class=\"clear\"><\/div>\n\t\t\t\t\t<\/div>\n\n\t\t\t\t \n\t\t\t\t\t<div class=\"gyan-service-full-item gyan-grid-item-wrap\">\n\t\t\t\t\t\t<div class=\"gyan-services-full gyan-grid-item gyan-ease-transition\">\n\t\t\t\t\t\t\t<div class=\"gyan-services-full-img\"><a href=\"#\" class=\"gyan-service-full-link\"><img loading=\"lazy\" decoding=\"async\" width=\"2560\" height=\"1976\" src=\"https:\/\/xrumbauten.ch\/wp-content\/uploads\/2025\/03\/maurerarbeiten10-01-01-scaled.jpg\" class=\"attachment-full size-full\" alt=\"\" srcset=\"https:\/\/xrumbauten.ch\/wp-content\/uploads\/2025\/03\/maurerarbeiten10-01-01-scaled.jpg 2560w, https:\/\/xrumbauten.ch\/wp-content\/uploads\/2025\/03\/maurerarbeiten10-01-01-300x232.jpg 300w, https:\/\/xrumbauten.ch\/wp-content\/uploads\/2025\/03\/maurerarbeiten10-01-01-1024x790.jpg 1024w, https:\/\/xrumbauten.ch\/wp-content\/uploads\/2025\/03\/maurerarbeiten10-01-01-768x593.jpg 768w, https:\/\/xrumbauten.ch\/wp-content\/uploads\/2025\/03\/maurerarbeiten10-01-01-1536x1186.jpg 1536w, https:\/\/xrumbauten.ch\/wp-content\/uploads\/2025\/03\/maurerarbeiten10-01-01-2048x1581.jpg 2048w\" sizes=\"(max-width: 2560px) 100vw, 2560px\" \/><\/a><\/div><div class=\"gyan-services-full-content\"><div class=\"gyan-services-full-icon-wrap\"><div class=\"gyan-services-full-icon gyan-icon\"><img loading=\"lazy\" decoding=\"async\" width=\"512\" height=\"512\" src=\"https:\/\/xrumbauten.ch\/wp-content\/uploads\/2025\/03\/wall-icon.png\" class=\"attachment-full size-full\" alt=\"\" srcset=\"https:\/\/xrumbauten.ch\/wp-content\/uploads\/2025\/03\/wall-icon.png 512w, https:\/\/xrumbauten.ch\/wp-content\/uploads\/2025\/03\/wall-icon-300x300.png 300w, https:\/\/xrumbauten.ch\/wp-content\/uploads\/2025\/03\/wall-icon-150x150.png 150w, https:\/\/xrumbauten.ch\/wp-content\/uploads\/2025\/03\/wall-icon-90x90.png 90w\" sizes=\"(max-width: 512px) 100vw, 512px\" \/><\/div><\/div><div class=\"gyan-services-full-title-desc\"><h6 class=\"gyan-services-full-title\"><a href=\"#\" class=\"gyan-service-full-link\">Maurerarbeiten<\/a><\/h6><div class=\"gyan-services-full-desc\">Diese Arbeiten sind entscheidend, um eine solide Grundlage f\u00fcr jedes Bauprojekt zu schaffen und langfristige Stabilit\u00e4t zu gew\u00e4hrleisten.<\/div><\/div><\/div>\t\t\t\t\t\t<\/div>\n\t\t\t\t\t\t<div class=\"clear\"><\/div>\n\t\t\t\t\t<\/div>\n\n\t\t\t\t \n\t\t\t\t\t<div class=\"gyan-service-full-item gyan-grid-item-wrap\">\n\t\t\t\t\t\t<div class=\"gyan-services-full gyan-grid-item gyan-ease-transition\">\n\t\t\t\t\t\t\t<div class=\"gyan-services-full-img\"><a href=\"#\" class=\"gyan-service-full-link\"><img loading=\"lazy\" decoding=\"async\" width=\"2560\" height=\"1976\" src=\"https:\/\/xrumbauten.ch\/wp-content\/uploads\/2025\/03\/fassadenarbeiten-01-scaled.jpg\" class=\"attachment-full size-full\" alt=\"\" srcset=\"https:\/\/xrumbauten.ch\/wp-content\/uploads\/2025\/03\/fassadenarbeiten-01-scaled.jpg 2560w, https:\/\/xrumbauten.ch\/wp-content\/uploads\/2025\/03\/fassadenarbeiten-01-300x232.jpg 300w, https:\/\/xrumbauten.ch\/wp-content\/uploads\/2025\/03\/fassadenarbeiten-01-1024x790.jpg 1024w, https:\/\/xrumbauten.ch\/wp-content\/uploads\/2025\/03\/fassadenarbeiten-01-768x593.jpg 768w, https:\/\/xrumbauten.ch\/wp-content\/uploads\/2025\/03\/fassadenarbeiten-01-1536x1186.jpg 1536w, https:\/\/xrumbauten.ch\/wp-content\/uploads\/2025\/03\/fassadenarbeiten-01-2048x1581.jpg 2048w\" sizes=\"(max-width: 2560px) 100vw, 2560px\" \/><\/a><\/div><div class=\"gyan-services-full-content\"><div class=\"gyan-services-full-icon-wrap\"><div class=\"gyan-services-full-icon gyan-icon\"><img loading=\"lazy\" decoding=\"async\" width=\"512\" height=\"512\" src=\"https:\/\/xrumbauten.ch\/wp-content\/uploads\/2025\/03\/brush-icon.png\" class=\"attachment-full size-full\" alt=\"\" srcset=\"https:\/\/xrumbauten.ch\/wp-content\/uploads\/2025\/03\/brush-icon.png 512w, https:\/\/xrumbauten.ch\/wp-content\/uploads\/2025\/03\/brush-icon-300x300.png 300w, https:\/\/xrumbauten.ch\/wp-content\/uploads\/2025\/03\/brush-icon-150x150.png 150w, https:\/\/xrumbauten.ch\/wp-content\/uploads\/2025\/03\/brush-icon-90x90.png 90w\" sizes=\"(max-width: 512px) 100vw, 512px\" \/><\/div><\/div><div class=\"gyan-services-full-title-desc\"><h6 class=\"gyan-services-full-title\"><a href=\"#\" class=\"gyan-service-full-link\">Fassadenarbeiten<\/a><\/h6><div class=\"gyan-services-full-desc\">Mit fachm\u00e4nnischer Ausf\u00fchrung bieten Fassadenarbeiten eine nachhaltige L\u00f6sung, die sowohl optisch als auch funktional \u00fcberzeugt.\n\n\n\n<\/div><\/div><\/div>\t\t\t\t\t\t<\/div>\n\t\t\t\t\t\t<div class=\"clear\"><\/div>\n\t\t\t\t\t<\/div>\n\n\t\t\t\t \n\t\t\t\t\t<div class=\"gyan-service-full-item gyan-grid-item-wrap\">\n\t\t\t\t\t\t<div class=\"gyan-services-full gyan-grid-item gyan-ease-transition\">\n\t\t\t\t\t\t\t<div class=\"gyan-services-full-img\"><a href=\"#\" class=\"gyan-service-full-link\"><img loading=\"lazy\" decoding=\"async\" width=\"2560\" height=\"1976\" src=\"https:\/\/xrumbauten.ch\/wp-content\/uploads\/2025\/03\/naturstein10-01-scaled.jpg\" class=\"attachment-full size-full\" alt=\"\" srcset=\"https:\/\/xrumbauten.ch\/wp-content\/uploads\/2025\/03\/naturstein10-01-scaled.jpg 2560w, https:\/\/xrumbauten.ch\/wp-content\/uploads\/2025\/03\/naturstein10-01-300x232.jpg 300w, https:\/\/xrumbauten.ch\/wp-content\/uploads\/2025\/03\/naturstein10-01-1024x790.jpg 1024w, https:\/\/xrumbauten.ch\/wp-content\/uploads\/2025\/03\/naturstein10-01-768x593.jpg 768w, https:\/\/xrumbauten.ch\/wp-content\/uploads\/2025\/03\/naturstein10-01-1536x1186.jpg 1536w, https:\/\/xrumbauten.ch\/wp-content\/uploads\/2025\/03\/naturstein10-01-2048x1581.jpg 2048w\" sizes=\"(max-width: 2560px) 100vw, 2560px\" \/><\/a><\/div><div class=\"gyan-services-full-content\"><div class=\"gyan-services-full-icon-wrap\"><div class=\"gyan-services-full-icon gyan-icon\"><img loading=\"lazy\" decoding=\"async\" width=\"512\" height=\"512\" src=\"https:\/\/xrumbauten.ch\/wp-content\/uploads\/2025\/03\/brick-wall-icon.png\" class=\"attachment-full size-full\" alt=\"\" srcset=\"https:\/\/xrumbauten.ch\/wp-content\/uploads\/2025\/03\/brick-wall-icon.png 512w, https:\/\/xrumbauten.ch\/wp-content\/uploads\/2025\/03\/brick-wall-icon-300x300.png 300w, https:\/\/xrumbauten.ch\/wp-content\/uploads\/2025\/03\/brick-wall-icon-150x150.png 150w, https:\/\/xrumbauten.ch\/wp-content\/uploads\/2025\/03\/brick-wall-icon-90x90.png 90w\" sizes=\"(max-width: 512px) 100vw, 512px\" \/><\/div><\/div><div class=\"gyan-services-full-title-desc\"><h6 class=\"gyan-services-full-title\"><a href=\"#\" class=\"gyan-service-full-link\">Natursteinverlegung<\/a><\/h6><div class=\"gyan-services-full-desc\">Die einzigartige Struktur und Farbenvielfalt von Natursteinen sorgen f\u00fcr ein elegantes, hochwertiges Erscheinungsbild<\/div><\/div><\/div>\t\t\t\t\t\t<\/div>\n\t\t\t\t\t\t<div class=\"clear\"><\/div>\n\t\t\t\t\t<\/div>\n\n\t\t\t\t \n\t\t\t <\/div> <!-- gyan-services-full-items -->\n\t\t\t <div class=\"clear\"><\/div>\n\n\t\t<\/div>\n\n\t\t\t\t\t<\/div>\n\t\t\t\t<\/div>\n\t\t\t\t\t<\/div>\n\t\t<\/div>\n\t\t\t\t\t<\/div>\n\t\t<\/section>\n\t\t\t\t<\/div>\n\t\t","protected":false},"excerpt":{"rendered":"<p>Umbauten Umbauten bieten die Chance, Neues zu schaffen und Altes zu verbessern. Sie bringen frischen Wind, schaffen mehr Funktionalit\u00e4t und erm\u00f6glichen es, R\u00e4ume oder Strukturen an moderne Bed\u00fcrfnisse anzupassen. Sanit\u00e4rarbeiten Sanit\u00e4rarbeiten sind der Schl\u00fcssel zu einem funktionalen und komfortablen Zuhause oder Arbeitsplatz. Sie sorgen f\u00fcr eine zuverl\u00e4ssige Wasserversorgung, effiziente Abwasserentsorgung [&hellip;]<\/p>\n","protected":false},"author":1,"featured_media":0,"parent":0,"menu_order":0,"comment_status":"closed","ping_status":"closed","template":"elementor_header_footer","meta":{"footnotes":""},"class_list":["post-319","page","type-page","status-publish","hentry"],"_links":{"self":[{"href":"https:\/\/xrumbauten.ch\/index.php?rest_route=\/wp\/v2\/pages\/319","targetHints":{"allow":["GET"]}}],"collection":[{"href":"https:\/\/xrumbauten.ch\/index.php?rest_route=\/wp\/v2\/pages"}],"about":[{"href":"https:\/\/xrumbauten.ch\/index.php?rest_route=\/wp\/v2\/types\/page"}],"author":[{"embeddable":true,"href":"https:\/\/xrumbauten.ch\/index.php?rest_route=\/wp\/v2\/users\/1"}],"replies":[{"embeddable":true,"href":"https:\/\/xrumbauten.ch\/index.php?rest_route=%2Fwp%2Fv2%2Fcomments&post=319"}],"version-history":[{"count":38,"href":"https:\/\/xrumbauten.ch\/index.php?rest_route=\/wp\/v2\/pages\/319\/revisions"}],"predecessor-version":[{"id":2615,"href":"https:\/\/xrumbauten.ch\/index.php?rest_route=\/wp\/v2\/pages\/319\/revisions\/2615"}],"wp:attachment":[{"href":"https:\/\/xrumbauten.ch\/index.php?rest_route=%2Fwp%2Fv2%2Fmedia&parent=319"}],"curies":[{"name":"wp","href":"https:\/\/api.w.org\/{rel}","templated":true}]}}